{"id":3282,"date":"2026-01-02T21:19:49","date_gmt":"2026-01-03T00:19:49","guid":{"rendered":"https:\/\/colbiorn.com.ar\/es\/?page_id=3282"},"modified":"2026-01-04T21:39:27","modified_gmt":"2026-01-05T00:39:27","slug":"calendario-de-entregas-de-facturacion-ano-2026","status":"publish","type":"page","link":"https:\/\/colbiorn.com.ar\/es\/calendario-de-entregas-de-facturacion-ano-2026\/","title":{"rendered":"Calendario de entregas de facturaci\u00f3n &#8211; A\u00d1O 2026"},"content":{"rendered":"\n<h2 class=\"wp-block-heading\">Calendario de entregas de facturaci\u00f3n &#8211; A\u00d1O 2026<\/h2>\n\n\n\n<figure class=\"wp-block-table is-style-regular\"><table style=\"border-width:3px\"><thead><tr><th>MES<\/th><th>PRIMERA ENTREGA<br>IPROSS y PAMI (C\u00e1pita)<br>IPROSS y PAMI (Fuera de C\u00e1pita)<br>D\u00eda de recepci\u00f3n en CBPRN<\/th><th>SEGUNDA ENTREGA<br>Obras sociales<br>D\u00eda de recepci\u00f3n en CBPRN<\/th><\/tr><\/thead><tbody><tr><td>ENERO<\/td><td>VIERNES 16<\/td><td>JUEVES 29<\/td><\/tr><tr><td>FEBRERO<\/td><td>MIERCOLES 18<\/td><td>MIERCOLES 25<\/td><\/tr><tr><td>MARZO<\/td><td>MARTES 17<\/td><td>VIERNES 27<\/td><\/tr><tr><td>ABRIL<\/td><td>JUEVES 16<\/td><td>MARTES 28<\/td><\/tr><tr><td>MAYO<\/td><td>VIERNES 15<\/td><td>JUEVES 28<\/td><\/tr><tr><td>JUNIO<\/td><td>MARTES&nbsp; 16<\/td><td>VIERNES 26<\/td><\/tr><tr><td>JULIO<\/td><td>VIERNES 17<\/td><td>MIERCOLES 29<\/td><\/tr><tr><td>AGOSTO<\/td><td>MARTES 18<\/td><td>VIERNES 28<\/td><\/tr><tr><td>SEPTIEMBRE<\/td><td>MIERCOLES 16<\/td><td>JUEVES 26<\/td><\/tr><tr><td>OCTUBRE<\/td><td>VIERNES 16<\/td><td>JUEVES 29<\/td><\/tr><tr><td>NOVIEMBRE<\/td><td>LUNES 16<\/td><td>VIERNES 27<\/td><\/tr><tr><td>DICIEMBRE<\/td><td>MIERCOLES 16<\/td><td>MARTES 29<\/td><\/tr><\/tbody><\/table><\/figure>\n\n\n\n<p><strong>Remitir la facturaci\u00f3n<\/strong> con la debida antelaci\u00f3n posible para su recepci\u00f3n en tiempo y&nbsp;forma en el Colegio.<\/p>\n\n\n\n<p><strong>Enviar las \u00f3rdenes<\/strong> de las distintas Obras Sociales y prepagas en forma separada y&nbsp;agrupada por cada una de ellas.<\/p>\n\n\n\n<h2 class=\"wp-block-heading\">IMPORTANTE &#8211; CAPITA de IPROSS y PAMI:<\/h2>\n\n\n\n<p><strong>NO se aceptar\u00e1n \u00f3rdenes con fecha anterior&nbsp;al mes que se presenta para facturar.<\/strong> (ej. Durante el mes de marzo, cuando se&nbsp;presentan las \u00f3rdenes para la facturaci\u00f3n de febrero, no se aceptar\u00e1n \u00f3rdenes del mes&nbsp;de enero o anteriores. Las mismas ser\u00e1n devueltas sin excepci\u00f3n.)<\/p>\n","protected":false},"excerpt":{"rendered":"<p>Calendario de entregas de facturaci\u00f3n &#8211; A\u00d1O 2026 MES PRIMERA ENTREGAIPROSS y PAMI (C\u00e1pita)IPROSS y PAMI (Fuera de C\u00e1pita)D\u00eda de recepci\u00f3n en CBPRN SEGUNDA ENTREGAObras socialesD\u00eda de recepci\u00f3n en CBPRN&#8230;<\/p>\n","protected":false},"author":3,"featured_media":2750,"parent":0,"menu_order":0,"comment_status":"closed","ping_status":"closed","template":"","meta":{"_kadence_starter_templates_imported_post":false,"_kad_post_transparent":"default","_kad_post_title":"default","_kad_post_layout":"narrow","_kad_post_sidebar_id":"","_kad_post_content_style":"","_kad_post_vertical_padding":"","_kad_post_feature":"","_kad_post_feature_position":"behind","_kad_post_header":false,"_kad_post_footer":false,"_kad_post_classname":"","footnotes":""},"class_list":["post-3282","page","type-page","status-publish","has-post-thumbnail","hentry"],"_links":{"self":[{"href":"https:\/\/colbiorn.com.ar\/es\/wp-json\/wp\/v2\/pages\/3282","targetHints":{"allow":["GET"]}}],"collection":[{"href":"https:\/\/colbiorn.com.ar\/es\/wp-json\/wp\/v2\/pages"}],"about":[{"href":"https:\/\/colbiorn.com.ar\/es\/wp-json\/wp\/v2\/types\/page"}],"author":[{"embeddable":true,"href":"https:\/\/colbiorn.com.ar\/es\/wp-json\/wp\/v2\/users\/3"}],"replies":[{"embeddable":true,"href":"https:\/\/colbiorn.com.ar\/es\/wp-json\/wp\/v2\/comments?post=3282"}],"version-history":[{"count":3,"href":"https:\/\/colbiorn.com.ar\/es\/wp-json\/wp\/v2\/pages\/3282\/revisions"}],"predecessor-version":[{"id":3286,"href":"https:\/\/colbiorn.com.ar\/es\/wp-json\/wp\/v2\/pages\/3282\/revisions\/3286"}],"wp:featuredmedia":[{"embeddable":true,"href":"https:\/\/colbiorn.com.ar\/es\/wp-json\/wp\/v2\/media\/2750"}],"wp:attachment":[{"href":"https:\/\/colbiorn.com.ar\/es\/wp-json\/wp\/v2\/media?parent=3282"}],"curies":[{"name":"wp","href":"https:\/\/api.w.org\/{rel}","templated":true}]}}