{"id":3139,"date":"2025-06-16T19:47:19","date_gmt":"2025-06-16T22:47:19","guid":{"rendered":"https:\/\/colbiorn.com.ar\/es\/?page_id=3139"},"modified":"2025-06-16T19:47:38","modified_gmt":"2025-06-16T22:47:38","slug":"15-de-junio-dia-de-la-profesion-bioquimica","status":"publish","type":"page","link":"https:\/\/colbiorn.com.ar\/es\/15-de-junio-dia-de-la-profesion-bioquimica\/","title":{"rendered":"15 de junio D\u00eda de la profesi\u00f3n Bioqu\u00edmica"},"content":{"rendered":"<style>.wp-block-kadence-advancedheading.kt-adv-heading3139_9cb1b6-17, .wp-block-kadence-advancedheading.kt-adv-heading3139_9cb1b6-17[data-kb-block=\"kb-adv-heading3139_9cb1b6-17\"]{font-style:normal;}.wp-block-kadence-advancedheading.kt-adv-heading3139_9cb1b6-17 mark.kt-highlight, .wp-block-kadence-advancedheading.kt-adv-heading3139_9cb1b6-17[data-kb-block=\"kb-adv-heading3139_9cb1b6-17\"] mark.kt-highlight{font-style:normal;color:#f76a0c;-webkit-box-decoration-break:clone;box-decoration-break:clone;padding-top:0px;padding-right:0px;padding-bottom:0px;padding-left:0px;}.wp-block-kadence-advancedheading.kt-adv-heading3139_9cb1b6-17 img.kb-inline-image, .wp-block-kadence-advancedheading.kt-adv-heading3139_9cb1b6-17[data-kb-block=\"kb-adv-heading3139_9cb1b6-17\"] img.kb-inline-image{width:150px;vertical-align:baseline;}<\/style>\n<p class=\"kt-adv-heading3139_9cb1b6-17 wp-block-kadence-advancedheading\" data-kb-block=\"kb-adv-heading3139_9cb1b6-17\"><\/p>\n\n\n<style>.kb-row-layout-id3139_72d7e5-15 > .kt-row-column-wrap{align-content:start;}:where(.kb-row-layout-id3139_72d7e5-15 > .kt-row-column-wrap) > .wp-block-kadence-column{justify-content:start;}.kb-row-layout-id3139_72d7e5-15 > .kt-row-column-wrap{column-gap:var(--global-kb-gap-md, 2rem);row-gap:var(--global-kb-gap-md, 2rem);padding-top:var(--global-kb-spacing-sm, 1.5rem);padding-bottom:var(--global-kb-spacing-sm, 1.5rem);grid-template-columns:minmax(0, 1fr) minmax(0, 2fr);}.kb-row-layout-id3139_72d7e5-15 > .kt-row-layout-overlay{opacity:0.30;}@media all and (max-width: 1024px){.kb-row-layout-id3139_72d7e5-15 > .kt-row-column-wrap{grid-template-columns:minmax(0, 1fr) minmax(0, 2fr);}}@media all and (max-width: 767px){.kb-row-layout-id3139_72d7e5-15 > .kt-row-column-wrap{grid-template-columns:minmax(0, 1fr);}}<\/style><div class=\"kb-row-layout-wrap kb-row-layout-id3139_72d7e5-15 alignnone wp-block-kadence-rowlayout\"><div class=\"kt-row-column-wrap kt-has-2-columns kt-row-layout-right-golden kt-tab-layout-inherit kt-mobile-layout-row kt-row-valign-top\">\n<style>.kadence-column3139_63d844-39 > .kt-inside-inner-col,.kadence-column3139_63d844-39 > .kt-inside-inner-col:before{border-top-left-radius:0px;border-top-right-radius:0px;border-bottom-right-radius:0px;border-bottom-left-radius:0px;}.kadence-column3139_63d844-39 > .kt-inside-inner-col{column-gap:var(--global-kb-gap-sm, 1rem);}.kadence-column3139_63d844-39 > .kt-inside-inner-col{flex-direction:column;}.kadence-column3139_63d844-39 > .kt-inside-inner-col > .aligncenter{width:100%;}.kadence-column3139_63d844-39 > .kt-inside-inner-col:before{opacity:0.3;}.kadence-column3139_63d844-39{position:relative;}@media all and (max-width: 1024px){.kadence-column3139_63d844-39 > .kt-inside-inner-col{flex-direction:column;justify-content:center;}}@media all and (max-width: 767px){.kadence-column3139_63d844-39 > .kt-inside-inner-col{flex-direction:column;justify-content:center;}}<\/style>\n<div class=\"wp-block-kadence-column kadence-column3139_63d844-39\"><div class=\"kt-inside-inner-col\">\n<h2 class=\"wp-block-heading\">15 de junio D\u00eda de la profesi\u00f3n Bioqu\u00edmica<\/h2>\n<\/div><\/div>\n\n\n<style>.kadence-column3139_65f97d-a8 > .kt-inside-inner-col,.kadence-column3139_65f97d-a8 > .kt-inside-inner-col:before{border-top-left-radius:0px;border-top-right-radius:0px;border-bottom-right-radius:0px;border-bottom-left-radius:0px;}.kadence-column3139_65f97d-a8 > .kt-inside-inner-col{column-gap:var(--global-kb-gap-sm, 1rem);}.kadence-column3139_65f97d-a8 > .kt-inside-inner-col{flex-direction:column;}.kadence-column3139_65f97d-a8 > .kt-inside-inner-col > .aligncenter{width:100%;}.kadence-column3139_65f97d-a8 > .kt-inside-inner-col:before{opacity:0.3;}.kadence-column3139_65f97d-a8{position:relative;}@media all and (max-width: 1024px){.kadence-column3139_65f97d-a8 > .kt-inside-inner-col{flex-direction:column;justify-content:center;}}@media all and (max-width: 767px){.kadence-column3139_65f97d-a8 > .kt-inside-inner-col{flex-direction:column;justify-content:center;}}<\/style>\n<div class=\"wp-block-kadence-column kadence-column3139_65f97d-a8\"><div class=\"kt-inside-inner-col\">\n<figure class=\"wp-block-embed is-type-video is-provider-youtube wp-block-embed-youtube wp-embed-aspect-16-9 wp-has-aspect-ratio\"><div class=\"wp-block-embed__wrapper\">\n<iframe loading=\"lazy\" title=\"15 de junio  D\u00eda de la profesi\u00f3n Bioqu\u00edmica\" width=\"720\" height=\"405\" src=\"https:\/\/www.youtube.com\/embed\/RliVsjZh8lg?feature=oembed\" frameborder=\"0\" allow=\"accelerometer; autoplay; clipboard-write; encrypted-media; gyroscope; picture-in-picture; web-share\" referrerpolicy=\"strict-origin-when-cross-origin\" allowfullscreen><\/iframe>\n<\/div><\/figure>\n<\/div><\/div>\n\n<\/div><\/div>","protected":false},"excerpt":{"rendered":"<p>15 de junio D\u00eda de la profesi\u00f3n Bioqu\u00edmica<\/p>\n","protected":false},"author":3,"featured_media":0,"parent":0,"menu_order":0,"comment_status":"closed","ping_status":"closed","template":"","meta":{"_kadence_starter_templates_imported_post":false,"_kad_post_transparent":"","_kad_post_title":"","_kad_post_layout":"","_kad_post_sidebar_id":"","_kad_post_content_style":"","_kad_post_vertical_padding":"","_kad_post_feature":"","_kad_post_feature_position":"","_kad_post_header":false,"_kad_post_footer":false,"_kad_post_classname":"","footnotes":""},"class_list":["post-3139","page","type-page","status-publish","hentry"],"_links":{"self":[{"href":"https:\/\/colbiorn.com.ar\/es\/wp-json\/wp\/v2\/pages\/3139","targetHints":{"allow":["GET"]}}],"collection":[{"href":"https:\/\/colbiorn.com.ar\/es\/wp-json\/wp\/v2\/pages"}],"about":[{"href":"https:\/\/colbiorn.com.ar\/es\/wp-json\/wp\/v2\/types\/page"}],"author":[{"embeddable":true,"href":"https:\/\/colbiorn.com.ar\/es\/wp-json\/wp\/v2\/users\/3"}],"replies":[{"embeddable":true,"href":"https:\/\/colbiorn.com.ar\/es\/wp-json\/wp\/v2\/comments?post=3139"}],"version-history":[{"count":1,"href":"https:\/\/colbiorn.com.ar\/es\/wp-json\/wp\/v2\/pages\/3139\/revisions"}],"predecessor-version":[{"id":3140,"href":"https:\/\/colbiorn.com.ar\/es\/wp-json\/wp\/v2\/pages\/3139\/revisions\/3140"}],"wp:attachment":[{"href":"https:\/\/colbiorn.com.ar\/es\/wp-json\/wp\/v2\/media?parent=3139"}],"curies":[{"name":"wp","href":"https:\/\/api.w.org\/{rel}","templated":true}]}}