{"id":2027,"date":"2023-12-04T15:39:56","date_gmt":"2023-12-04T18:39:56","guid":{"rendered":"https:\/\/colbiorn.com.ar\/es\/?page_id=2027"},"modified":"2025-08-18T12:16:31","modified_gmt":"2025-08-18T15:16:31","slug":"requisitos-para-colegiarse-cbprn","status":"publish","type":"page","link":"https:\/\/colbiorn.com.ar\/es\/requisitos-para-colegiarse-cbprn\/","title":{"rendered":"REQUISITOS PARA  COLEGIARSE en CBPRN"},"content":{"rendered":"\n<h2 class=\"wp-block-heading\">REQUISITOS PARA SOLICITAR AFILIACI\u00d3N AL COLEGIO<br>CATEGOR\u00cdA SOCIO ACTIVO<\/h2>\n\n\n\n<h2 class=\"wp-block-heading\">IMPORTANTE<\/h2>\n\n\n\n<ul class=\"wp-block-list has-theme-palette-7-background-color has-background has-medium-font-size\">\n<li>I. Poseer T\u00edtulo Universitario habilitante. (Art. 6 \u2013 Inc. b \u20131 Estatutos Sociales)<\/li>\n\n\n\n<li>II. Residir y ejercer la profesi\u00f3n en el \u00e1mbito de la Provincia de R\u00edo Negro (Art. 6 \u2013 Inc. b 2 Estatutos Sociales)<\/li>\n\n\n\n<li>III. Reunir condiciones de indiscutible honorabilidad (Art. 6 \u2013 Inc. b \u20133 Estatutos Sociales)<\/li>\n\n\n\n<li>IV. Realizar el ejercicio Profesional en Laboratorio privado habilitado por las autoridades de aplicaci\u00f3n de la provincia (Art. 6 \u2013 Inc. b \u20134 Estatutos Sociales)<\/li>\n<\/ul>\n\n\n\n<figure class=\"wp-block-image\"><img decoding=\"async\" src=\"https:\/\/colbiorn.com.ar\/es\/wp-content\/uploads\/2023\/05\/Logo-cbprn-gris-480-oq73bbtiakh4p1rsnre3z5z99rtodb3rrjztaby5.png\" alt=\"\" title=\"Logo-cbprn-gris-480-oq73bbtiakh4p1rsnre3z5z99rtodb3rrjztaby5\"\/><\/figure>\n\n\n\n<p><\/p>\n\n\n\n<h2 class=\"wp-block-heading\">DEBERAN PRESENTAR ANTE EL COLEGIO:<\/h2>\n\n\n\n<ol class=\"wp-block-list\">\n<li>Nota de solicitud de colegiaci\u00f3n con firma certificada por entidad bancaria o autoridad competente. Si el que se presenta no es Director T\u00e9cnico de Laboratorio, la solicitud deber\u00e1 estar firmada de conformidad por este \u00faltimo (D.T.).<\/li>\n\n\n\n<li>Fotocopia autenticada anverso y reverso de T\u00edtulo habilitante.<\/li>\n\n\n\n<li>Fotocopia autenticada anverso y reverso del DNI.<\/li>\n\n\n\n<li>Fotocopia autenticada anverso y reverso de Matr\u00edcula Profesional emitida por el Consejo Provincial de Salud P\u00fablica.<\/li>\n\n\n\n<li>Fotocopia de Resoluci\u00f3n de Habilitaci\u00f3n del Laboratorio emitida por el Consejo Provincial de Salud P\u00fablica (Si el solicitante no es el Director T\u00e9cnico del Laboratorio presentar el correspondiente a aqu\u00e9l en el que desempe\u00f1ar\u00e1 la actividad profesional).<\/li>\n\n\n\n<li>Copia del Plano del Laboratorio.<\/li>\n\n\n\n<li>Certificado de relaci\u00f3n de dependencia, en caso de desarrollar la actividad en tal car\u00e1cter.<\/li>\n\n\n\n<li>Fotocopia del contrato de locaci\u00f3n del inmueble donde funciona el Laboratorio o del t\u00edtulo de propiedad.<\/li>\n\n\n\n<li>Fotocopia de constancias de inscripci\u00f3n ante la ARCA (C.U.I.T.) y ante la Direcci\u00f3n General de Rentas de R\u00edo Negro (Impuesto a los Ingresos Brutos o C.M.).<\/li>\n\n\n\n<li>En caso de profesionales asociados, de existir contrato social fotocopia del mismo. Si la sociedad es \u201cde hecho\u201d adjuntar nota indicando esta situaci\u00f3n suscripta por los miembros de dicha sociedad. Deber\u00e1n presentar en caso de sociedades Declaraci\u00f3n Jurada en la que se indique el porcentaje de participaci\u00f3n de cada profesional en los honorarios a fin de practicar las retenciones impositivas correspondientes en igual proporci\u00f3n.<\/li>\n\n\n\n<li>Cumplimentar por duplicado la ficha de afiliaci\u00f3n con firma certificada por escribano o entidad bancaria (ver ficha).<\/li>\n\n\n\n<li>Foto tipo carnet 4 x 4 (tres).<\/li>\n\n\n\n<li>Inscripci\u00f3n ante la Superintendencia de Servicio de Salud *<\/li>\n\n\n\n<li>P\u00f3liza de Seguro de Responsabilidad Civil *<\/li>\n\n\n\n<li>Inscripci\u00f3n al PEEC de la FBA (m\u00ednimo 4 subprogramas)*<\/li>\n\n\n\n<li>Contrato con empresa de Recolecci\u00f3n de Residuos Pat\u00f3genos.*<\/li>\n\n\n\n<li>Planilla con detalle del instrumental y aparatolog\u00eda del Laboratorio, indicando marca, modelo y n\u00famero de serie, de corresponder.<\/li>\n<\/ol>\n\n\n<style>.wp-block-kadence-advancedheading.kt-adv-heading2027_91f215-6e, .wp-block-kadence-advancedheading.kt-adv-heading2027_91f215-6e[data-kb-block=\"kb-adv-heading2027_91f215-6e\"]{font-style:normal;}.wp-block-kadence-advancedheading.kt-adv-heading2027_91f215-6e mark.kt-highlight, .wp-block-kadence-advancedheading.kt-adv-heading2027_91f215-6e[data-kb-block=\"kb-adv-heading2027_91f215-6e\"] mark.kt-highlight{font-style:normal;color:#f76a0c;-webkit-box-decoration-break:clone;box-decoration-break:clone;padding-top:0px;padding-right:0px;padding-bottom:0px;padding-left:0px;}.wp-block-kadence-advancedheading.kt-adv-heading2027_91f215-6e img.kb-inline-image, .wp-block-kadence-advancedheading.kt-adv-heading2027_91f215-6e[data-kb-block=\"kb-adv-heading2027_91f215-6e\"] img.kb-inline-image{width:150px;vertical-align:baseline;}<\/style>\n<h6 class=\"kt-adv-heading2027_91f215-6e wp-block-kadence-advancedheading\" data-kb-block=\"kb-adv-heading2027_91f215-6e\">&#8211;\tEn los casos en que se solicita fotocopias, deben ser autenticadas por escribano p\u00fablico.<\/h6>\n\n\n<style>.wp-block-kadence-advancedheading.kt-adv-heading2027_d9d1e2-be, .wp-block-kadence-advancedheading.kt-adv-heading2027_d9d1e2-be[data-kb-block=\"kb-adv-heading2027_d9d1e2-be\"]{font-style:normal;}.wp-block-kadence-advancedheading.kt-adv-heading2027_d9d1e2-be mark.kt-highlight, .wp-block-kadence-advancedheading.kt-adv-heading2027_d9d1e2-be[data-kb-block=\"kb-adv-heading2027_d9d1e2-be\"] mark.kt-highlight{font-style:normal;color:#f76a0c;-webkit-box-decoration-break:clone;box-decoration-break:clone;padding-top:0px;padding-right:0px;padding-bottom:0px;padding-left:0px;}.wp-block-kadence-advancedheading.kt-adv-heading2027_d9d1e2-be img.kb-inline-image, .wp-block-kadence-advancedheading.kt-adv-heading2027_d9d1e2-be[data-kb-block=\"kb-adv-heading2027_d9d1e2-be\"] img.kb-inline-image{width:150px;vertical-align:baseline;}<\/style>\n<h6 class=\"kt-adv-heading2027_d9d1e2-be wp-block-kadence-advancedheading\" data-kb-block=\"kb-adv-heading2027_d9d1e2-be\"><strong>&#8211;\tLas solicitudes est\u00e1n sujetas a aprobaci\u00f3n del Consejo Directivo (Art\u00edculo 4 Estatutos Sociales), previa reuni\u00f3n a mantener en sede del Colegio con representantes de la Instituci\u00f3n.<\/strong><\/h6>\n\n\n\n<h2 class=\"wp-block-heading\"><strong>CONSEJO DIRECTIVO<\/strong><br><strong>C.B.P.R.N.<\/strong><\/h2>\n","protected":false},"excerpt":{"rendered":"<p>REQUISITOS PARA SOLICITAR AFILIACI\u00d3N AL COLEGIOCATEGOR\u00cdA SOCIO ACTIVO IMPORTANTE DEBERAN PRESENTAR ANTE EL COLEGIO: &#8211; En los casos en que se solicita fotocopias, deben ser autenticadas por escribano p\u00fablico. &#8211;&#8230;<\/p>\n","protected":false},"author":3,"featured_media":2750,"parent":0,"menu_order":0,"comment_status":"closed","ping_status":"closed","template":"","meta":{"_kadence_starter_templates_imported_post":false,"_kad_post_transparent":"","_kad_post_title":"default","_kad_post_layout":"narrow","_kad_post_sidebar_id":"","_kad_post_content_style":"","_kad_post_vertical_padding":"","_kad_post_feature":"","_kad_post_feature_position":"behind","_kad_post_header":false,"_kad_post_footer":false,"_kad_post_classname":"","footnotes":""},"class_list":["post-2027","page","type-page","status-publish","has-post-thumbnail","hentry"],"_links":{"self":[{"href":"https:\/\/colbiorn.com.ar\/es\/wp-json\/wp\/v2\/pages\/2027","targetHints":{"allow":["GET"]}}],"collection":[{"href":"https:\/\/colbiorn.com.ar\/es\/wp-json\/wp\/v2\/pages"}],"about":[{"href":"https:\/\/colbiorn.com.ar\/es\/wp-json\/wp\/v2\/types\/page"}],"author":[{"embeddable":true,"href":"https:\/\/colbiorn.com.ar\/es\/wp-json\/wp\/v2\/users\/3"}],"replies":[{"embeddable":true,"href":"https:\/\/colbiorn.com.ar\/es\/wp-json\/wp\/v2\/comments?post=2027"}],"version-history":[{"count":11,"href":"https:\/\/colbiorn.com.ar\/es\/wp-json\/wp\/v2\/pages\/2027\/revisions"}],"predecessor-version":[{"id":3224,"href":"https:\/\/colbiorn.com.ar\/es\/wp-json\/wp\/v2\/pages\/2027\/revisions\/3224"}],"wp:featuredmedia":[{"embeddable":true,"href":"https:\/\/colbiorn.com.ar\/es\/wp-json\/wp\/v2\/media\/2750"}],"wp:attachment":[{"href":"https:\/\/colbiorn.com.ar\/es\/wp-json\/wp\/v2\/media?parent=2027"}],"curies":[{"name":"wp","href":"https:\/\/api.w.org\/{rel}","templated":true}]}}