{"id":1762,"date":"2023-05-17T20:25:05","date_gmt":"2023-05-17T23:25:05","guid":{"rendered":"https:\/\/colbiorn.com.ar\/es\/?page_id=1762"},"modified":"2024-12-23T21:16:17","modified_gmt":"2024-12-24T00:16:17","slug":"50-aniversario","status":"publish","type":"page","link":"https:\/\/colbiorn.com.ar\/es\/50-aniversario\/","title":{"rendered":"50 aniversario"},"content":{"rendered":"<\/p>\n<h3>Aportando en Salud para una<br \/>mejor calidad de vida<\/h3>\n<blockquote>\n<p>En este a\u00f1o tan particular, queremos llegar a nuestros colegas con un mensaje muy especial en el d\u00eda de reconocimiento de nuestra profesi\u00f3n. Como es evidente, esta vez, tiene una connotaci\u00f3n muy reveladora de la importancia de nuestro rol tan esencial como demandante, de cada una de las especialidades de nuestra carrera como para el equipo de salud.<\/p>\n<\/blockquote>\n<section data-id=\"73a0f27\" data-element_type=\"section\">El a\u00f1o pasado, habl\u00e1bamos de otras aspiraciones con proyectos de renovaci\u00f3n y ampliaci\u00f3n de nuestra sede y justamente para \u00e9sta fecha propon\u00edamos festejar el\u00a0<b>\u201cD\u00eda\u00a0del\/a\u00a0Bioqu\u00edmico\/a\u201d (15 de junio)<\/b>, los\u00a0<b>100 a\u00f1os de la creaci\u00f3n de la carrera de\u00a0Bioqu\u00edmica\u00a0<\/b>y los<b>\u00a050\u00b0 Aniversarios\u00a0<\/b>de la conformaci\u00f3n del<b>\u00a0Colegio de\u00a0Bioqu\u00edmicos\u00a0de la Provincia de R\u00edo Negro,\u00a0<\/b>y as\u00ed lo hicimos, con una gran fiesta, para la cual nos preparamos con anticipaci\u00f3n resultando un excelente festejo y tal vez superando algunas expectativas.<\/section>\n<section data-id=\"73a0f27\" data-element_type=\"section\">Motivo por el cual, oportunamente queremos compartir\u00a0<b>fotos<\/b>\u00a0y\u00a0<b>video<\/b>\u00a0del festejo del a\u00f1o pasado (en anexos), debido a que, si bien pudimos disfrutar un gran momento, ha quedado en nuestra memoria un hecho muy transcendental de nuestra peque\u00f1a historia, pero a la vez se puede apreciar a lo largo del tiempo mucho mejor en im\u00e1genes que no queremos que queden olvidadas u ocultas para siempre, recordando hermosos momentos compartidos.<\/section>\n<p>50 Aniversario .Discurso Jorge AlegrePresidente CBPRN.Placa 50A Presidentes1er Presidente Dr Rodolfo Suero, presidente actual Dr Jorge Ricardo Alegre\u201d placa descubierta en el acto protocolar 50 Aniversario CBPRN<\/p>\n<\/p>\n\n\n<figure class=\"wp-block-embed is-type-video is-provider-youtube wp-block-embed-youtube wp-embed-aspect-4-3 wp-has-aspect-ratio\"><div class=\"wp-block-embed__wrapper\">\n<iframe loading=\"lazy\" title=\"50 Aniversario CBPRN\" width=\"720\" height=\"540\" src=\"https:\/\/www.youtube.com\/embed\/d9d_AE0bchs?feature=oembed\" frameborder=\"0\" allow=\"accelerometer; autoplay; clipboard-write; encrypted-media; gyroscope; picture-in-picture; web-share\" referrerpolicy=\"strict-origin-when-cross-origin\" allowfullscreen><\/iframe>\n<\/div><\/figure>\n\n\n\n<div class=\"wp-block-columns is-layout-flex wp-container-core-columns-is-layout-9d6595d7 wp-block-columns-is-layout-flex\">\n<div class=\"wp-block-column is-layout-flow wp-block-column-is-layout-flow\">\n<h2 class=\"wp-block-heading\"><strong>\u201cFELIZ 15 de JUNIO\u201d<\/strong><\/h2>\n\n\n\n<p>Por \u00faltimo, en nombre de la Comisi\u00f3n Directiva y del m\u00edo propio, aprovechamos la oportunidad de agradecerles tambi\u00e9n por todo el acompa\u00f1amiento en cada oportunidad y desearles un&nbsp;<strong>\u201cFELIZ 15 de JUNIO\u201d<\/strong>&nbsp;en reconocimiento a nuestro&nbsp;d\u00eda, haci\u00e9ndolo extensivo a todos nuestros colegas independientemente del lugar que ocupa o tarea que desarrolle su labor diaria.<\/p>\n\n\n\n<figure class=\"wp-block-image\"><img decoding=\"async\" src=\"https:\/\/colbiorn.com.ar\/es\/wp-content\/uploads\/2023\/05\/firma-JAlegre-300x211-1.png\" alt=\"\" title=\"firma-JAlegre-300x211\"\/><\/figure>\n<\/div>\n<\/div>\n\n\n\n<div class=\"wp-block-columns is-layout-flex wp-container-core-columns-is-layout-9d6595d7 wp-block-columns-is-layout-flex\">\n<div class=\"wp-block-column is-layout-flow wp-block-column-is-layout-flow\">\n<h2 class=\"wp-block-heading\">Edificio Sede Central<\/h2>\n\n\n\n<p>INFO&amp;SECRETARIA<br>0298 2442-3129<\/p>\n\n\n\n<p>Whatsapp CBPRN<br>+54 9 2984 63-5011<\/p>\n\n\n\n<p>info@colbiorn.com.ar<\/p>\n\n\n\n<p>Maip\u00fa 1428, R8332 Gral. Roca, R\u00edo Negro<\/p>\n<\/div>\n\n\n\n<div class=\"wp-block-column is-layout-flow wp-block-column-is-layout-flow\">\n<div class=\"wp-block-gmap-gmap-block gmap-block-iphw2wbo\"><iframe src=\"https:\/\/maps.google.com\/maps?q=Colegio+de+Bioquimicos+de+la+Pcia+de+Rio+Negro&amp;z=10&amp;t=roadmap&amp;output=embed\" class=\"embd-map\" title=\"Colegio de Bioquimicos de la Pcia de Rio Negro\"><\/iframe><\/div>\n<\/div>\n<\/div>\n","protected":false},"excerpt":{"rendered":"<p>Aportando en Salud para unamejor calidad de vida En este a\u00f1o tan particular, queremos llegar a nuestros colegas con un mensaje muy especial en el d\u00eda de reconocimiento de nuestra&#8230;<\/p>\n","protected":false},"author":3,"featured_media":2750,"parent":0,"menu_order":0,"comment_status":"closed","ping_status":"closed","template":"","meta":{"_kadence_starter_templates_imported_post":false,"_kad_post_transparent":"","_kad_post_title":"show","_kad_post_layout":"normal","_kad_post_sidebar_id":"","_kad_post_content_style":"boxed","_kad_post_vertical_padding":"show","_kad_post_feature":"show","_kad_post_feature_position":"behind","_kad_post_header":false,"_kad_post_footer":false,"_kad_post_classname":"","footnotes":""},"class_list":["post-1762","page","type-page","status-publish","has-post-thumbnail","hentry"],"_links":{"self":[{"href":"https:\/\/colbiorn.com.ar\/es\/wp-json\/wp\/v2\/pages\/1762","targetHints":{"allow":["GET"]}}],"collection":[{"href":"https:\/\/colbiorn.com.ar\/es\/wp-json\/wp\/v2\/pages"}],"about":[{"href":"https:\/\/colbiorn.com.ar\/es\/wp-json\/wp\/v2\/types\/page"}],"author":[{"embeddable":true,"href":"https:\/\/colbiorn.com.ar\/es\/wp-json\/wp\/v2\/users\/3"}],"replies":[{"embeddable":true,"href":"https:\/\/colbiorn.com.ar\/es\/wp-json\/wp\/v2\/comments?post=1762"}],"version-history":[{"count":29,"href":"https:\/\/colbiorn.com.ar\/es\/wp-json\/wp\/v2\/pages\/1762\/revisions"}],"predecessor-version":[{"id":2752,"href":"https:\/\/colbiorn.com.ar\/es\/wp-json\/wp\/v2\/pages\/1762\/revisions\/2752"}],"wp:featuredmedia":[{"embeddable":true,"href":"https:\/\/colbiorn.com.ar\/es\/wp-json\/wp\/v2\/media\/2750"}],"wp:attachment":[{"href":"https:\/\/colbiorn.com.ar\/es\/wp-json\/wp\/v2\/media?parent=1762"}],"curies":[{"name":"wp","href":"https:\/\/api.w.org\/{rel}","templated":true}]}}